{"id":3514,"date":"2023-02-24T22:51:26","date_gmt":"2023-02-24T21:51:26","guid":{"rendered":"https:\/\/sukorfbal.com\/?page_id=3514"},"modified":"2023-05-29T22:39:13","modified_gmt":"2023-05-29T20:39:13","slug":"pan-american-games-2022","status":"publish","type":"page","link":"https:\/\/sukorfbal.com\/en\/pan-american-games-2022\/","title":{"rendered":"Pan-American Games&#8217;22"},"content":{"rendered":"<div data-elementor-type=\"wp-page\" data-elementor-id=\"3514\" class=\"elementor elementor-3514\" data-elementor-post-type=\"page\">\n\t\t\t\t\t\t<section class=\"elementor-section elementor-top-section elementor-element elementor-element-ff2c8ea elementor-section-boxed elementor-section-height-default elementor-section-height-default\" data-id=\"ff2c8ea\" data-element_type=\"section\" data-settings=\"{&quot;background_background&quot;:&quot;classic&quot;}\">\n\t\t\t\t\t\t\t<div class=\"elementor-background-overlay\"><\/div>\n\t\t\t\t\t\t\t<div class=\"elementor-container elementor-column-gap-no\">\n\t\t\t\t\t<div class=\"elementor-column elementor-col-100 elementor-top-column elementor-element elementor-element-2495322\" data-id=\"2495322\" data-element_type=\"column\">\n\t\t\t<div class=\"elementor-widget-wrap elementor-element-populated\">\n\t\t\t\t\t\t<div class=\"elementor-element elementor-element-a55972f elementor-invisible elementor-widget elementor-widget-heading\" data-id=\"a55972f\" data-element_type=\"widget\" data-settings=\"{&quot;_animation&quot;:&quot;fadeInUp&quot;,&quot;_animation_delay&quot;:&quot;100&quot;}\" data-widget_type=\"heading.default\">\n\t\t\t\t<div class=\"elementor-widget-container\">\n\t\t\t\t\t<h1 class=\"elementor-heading-title elementor-size-default\">Pan-American Games'22<\/h1>\t\t\t\t<\/div>\n\t\t\t\t<\/div>\n\t\t\t\t\t<\/div>\n\t\t<\/div>\n\t\t\t\t\t<\/div>\n\t\t<\/section>\n\t\t\t\t<section class=\"elementor-section elementor-top-section elementor-element elementor-element-d085ae4 elementor-section-boxed elementor-section-height-default elementor-section-height-default\" data-id=\"d085ae4\" data-element_type=\"section\">\n\t\t\t\t\t\t<div class=\"elementor-container elementor-column-gap-default\">\n\t\t\t\t\t<div class=\"elementor-column elementor-col-100 elementor-top-column elementor-element elementor-element-299de4e\" data-id=\"299de4e\" data-element_type=\"column\" data-settings=\"{&quot;background_background&quot;:&quot;classic&quot;}\">\n\t\t\t<div class=\"elementor-widget-wrap elementor-element-populated\">\n\t\t\t\t\t\t<section class=\"elementor-section elementor-inner-section elementor-element elementor-element-a9bab81 elementor-section-boxed elementor-section-height-default elementor-section-height-default\" data-id=\"a9bab81\" data-element_type=\"section\">\n\t\t\t\t\t\t<div class=\"elementor-container elementor-column-gap-no\">\n\t\t\t\t\t<div class=\"elementor-column elementor-col-50 elementor-inner-column elementor-element elementor-element-686bd3d\" data-id=\"686bd3d\" data-element_type=\"column\">\n\t\t\t<div class=\"elementor-widget-wrap elementor-element-populated\">\n\t\t\t\t\t\t<div class=\"elementor-element elementor-element-cecd481 elementor-widget elementor-widget-heading\" data-id=\"cecd481\" data-element_type=\"widget\" data-widget_type=\"heading.default\">\n\t\t\t\t<div class=\"elementor-widget-container\">\n\t\t\t\t\t<h2 class=\"elementor-heading-title elementor-size-default\">Road to <br>Buenos Aires<\/h2>\t\t\t\t<\/div>\n\t\t\t\t<\/div>\n\t\t\t\t<div class=\"elementor-element elementor-element-a140460 elementor-widget elementor-widget-spacer\" data-id=\"a140460\" data-element_type=\"widget\" data-widget_type=\"spacer.default\">\n\t\t\t\t<div class=\"elementor-widget-container\">\n\t\t\t\t\t\t\t<div class=\"elementor-spacer\">\n\t\t\t<div class=\"elementor-spacer-inner\"><\/div>\n\t\t<\/div>\n\t\t\t\t\t\t<\/div>\n\t\t\t\t<\/div>\n\t\t\t\t\t<\/div>\n\t\t<\/div>\n\t\t\t\t<div class=\"elementor-column elementor-col-50 elementor-inner-column elementor-element elementor-element-d560037\" data-id=\"d560037\" data-element_type=\"column\">\n\t\t\t<div class=\"elementor-widget-wrap elementor-element-populated\">\n\t\t\t\t\t\t<div class=\"elementor-element elementor-element-21a6049 elementor-widget elementor-widget-image\" data-id=\"21a6049\" data-element_type=\"widget\" data-widget_type=\"image.default\">\n\t\t\t\t<div class=\"elementor-widget-container\">\n\t\t\t\t\t\t\t\t\t\t\t\t\t\t\t<img fetchpriority=\"high\" decoding=\"async\" width=\"768\" height=\"444\" src=\"https:\/\/sukorfbal.com\/wp-content\/uploads\/2022\/12\/DSC03356-768x444.jpg\" class=\"attachment-medium_large size-medium_large wp-image-3480\" alt=\"\" srcset=\"https:\/\/sukorfbal.com\/wp-content\/uploads\/2022\/12\/DSC03356-768x444.jpg 768w, https:\/\/sukorfbal.com\/wp-content\/uploads\/2022\/12\/DSC03356-300x174.jpg 300w, https:\/\/sukorfbal.com\/wp-content\/uploads\/2022\/12\/DSC03356-1024x592.jpg 1024w, https:\/\/sukorfbal.com\/wp-content\/uploads\/2022\/12\/DSC03356-1536x889.jpg 1536w, https:\/\/sukorfbal.com\/wp-content\/uploads\/2022\/12\/DSC03356-2048x1185.jpg 2048w, https:\/\/sukorfbal.com\/wp-content\/uploads\/2022\/12\/DSC03356-600x347.jpg 600w\" sizes=\"(max-width: 768px) 100vw, 768px\" \/>\t\t\t\t\t\t\t\t\t\t\t\t\t\t\t<\/div>\n\t\t\t\t<\/div>\n\t\t\t\t\t<\/div>\n\t\t<\/div>\n\t\t\t\t\t<\/div>\n\t\t<\/section>\n\t\t\t\t<section class=\"elementor-section elementor-inner-section elementor-element elementor-element-17715cc elementor-section-boxed elementor-section-height-default elementor-section-height-default\" data-id=\"17715cc\" data-element_type=\"section\">\n\t\t\t\t\t\t<div class=\"elementor-container elementor-column-gap-no\">\n\t\t\t\t\t<div class=\"elementor-column elementor-col-50 elementor-inner-column elementor-element elementor-element-1f9923b\" data-id=\"1f9923b\" data-element_type=\"column\" data-settings=\"{&quot;background_background&quot;:&quot;classic&quot;}\">\n\t\t\t<div class=\"elementor-widget-wrap elementor-element-populated\">\n\t\t\t\t\t\t<div class=\"elementor-element elementor-element-3727227 elementor-invisible elementor-widget elementor-widget-text-editor\" data-id=\"3727227\" data-element_type=\"widget\" data-settings=\"{&quot;_animation&quot;:&quot;slideInLeft&quot;,&quot;_animation_delay&quot;:&quot;200&quot;}\" data-widget_type=\"text-editor.default\">\n\t\t\t\t<div class=\"elementor-widget-container\">\n\t\t\t\t\t\t\t\t\t<p>Het is december 2022 en Suriname reist af naar Argentini\u00eb. Daar wordt de IKF Pan-American Championship 2022 gehouden van 18 t\/m 20 december met de deelnemende landen Argentini\u00eb, Brazili\u00eb en Argentini\u00eb B. De belangen? Een ticket voor het WK 2023 in Taipei.\u00a0<\/p><p><span style=\"font-family: var( --e-global-typography-a2d45d3-font-family ), Sans-serif; font-size: var( --e-global-typography-a2d45d3-font-size ); font-weight: var( --e-global-typography-a2d45d3-font-weight ); letter-spacing: var( --e-global-typography-a2d45d3-letter-spacing ); word-spacing: var( --e-global-typography-a2d45d3-word-spacing ); background-color: var( --e-global-color-fb46691 ); color: var( --e-global-color-text );\">Het kwalificeren voor het WK brengt de Surinaamse Korfbal Federatie weer een stap dichter bij haar doel om korfbal te herintroduceren in Suriname. Dit hebben onze socials inmiddels al meerdere keren bewezen, waarin het bereik en aantal volgers vanuit Suriname en Nederland drastisch toenamen tijdens Het WK&#8217;2019 en de World Games 2022.<\/span><\/p><p><b>Vertrek<br \/><\/b>Op 16 december reist TeamSU vanuit Amsterdam naar Buenos Aires.\u00a0Onder leiding van kersverse bondscoach Ivan Karsters en ondersteunt met zijn staf Susan Bijsterbosch (Teammanager) en Theo Rouffaer (Fysio) keren een aantal oude bekenden terug.\u00a0<span style=\"font-family: var( --e-global-typography-a2d45d3-font-family ), Sans-serif; font-size: var( --e-global-typography-a2d45d3-font-size ); font-weight: var( --e-global-typography-a2d45d3-font-weight ); letter-spacing: var( --e-global-typography-a2d45d3-letter-spacing ); word-spacing: var( --e-global-typography-a2d45d3-word-spacing ); background-color: var( --e-global-color-fb46691 ); color: var( --e-global-color-text );\">Bij de dames keren terug: Isaura Hilgen, Sharona van der Kooij, Dominique van der Stelt, Sandy Ramlal en Romy Braumuller<\/span><\/p><p>Bij de heren keren terug Randell van der Steen, Ivan Karsters (u leest het goed) vervult de rol als bondscoach en speler. Verder maakt Ari\u00ebn Brug zijn rentree voor Suriname na de World Games gemist te hebben. Kamil Hiralal keert voor het eerst terug in de selectie, nadat hij voor het laatst deel had genomen in de vorige Pan-American editie in 2018, maar TeamSU kent ook een nieuw gezicht: Trojan Pinas is voor het eerst geselecteerd! De 21-jarig jonge Amstelvener trainde in de voorbereiding van de World Games al mee via een stageplek, maar verzilverd voor de Pan-American Games een offici\u00eble plek binnen de selectie.<\/p><p>Eenmaal uitgezwaaid op Schiphol, vertrekt Suriname richting Buenos Aires. Eenmaal in de ochtend aangekomen op 16 december kon TeamSU zich acclimatiseren en kennis maken met de stad Buenos Aires.<\/p><p><b>Speeldag 1:\u00a0 vs. Argentini\u00eb<br \/><\/b>iUitslag: 4-12 winst<br \/><span style=\"font-family: var( --e-global-typography-a2d45d3-font-family ), Sans-serif; font-size: var( --e-global-typography-a2d45d3-font-size ); font-weight: var( --e-global-typography-a2d45d3-font-weight ); letter-spacing: var( --e-global-typography-a2d45d3-letter-spacing ); word-spacing: var( --e-global-typography-a2d45d3-word-spacing ); background-color: var( --e-global-color-fb46691 ); color: var( --e-global-color-text );\">Topscoorders: Isaura Hilgen (4) &amp; Sandy Ramlal (3)\u00a0<\/span><\/p><p>Onze eerste kennismaking met de andere deelnemende landen. Waar je bij de meeste toernooien afstandelijkheid voelt, kenmerkt de Zuid-Amerikaanse landen zich met hun warmte, waarin je wordt overladen met omhelzingen.<\/p><p>De eerste wedstrijd was meteen tegen het gastland: Argentini\u00eb. Beide ploegen begonnen moeizaam aan de wedstrijd, waarbij Argentini\u00eb de scoren opende op het toernooi. De wedstrijd kenmerkte weinig doelpunten, maar toch in de tweede kwart was het Suriname dat een gat wist te slaan met een run van 2-4 naar 2-7 de rust in ging.<\/p><p>Na de rust hield Suriname haar verdediging gedisciplineerd en kon het gat vergroot worden. De wedstrijd werd gewonnen met 4-12, waardoor Suriname een vliegende stap kende.<\/p><p><b>Speeldag 2: vs. Brazili\u00eb<\/b><br \/>Uitslag: 2-19 winst<br \/>Topscoorders: Randell van der Steen (6), Ivan Karsters (5)<\/p><p>Vandaag stond Brazili\u00eb op het programma. Gisteren hadden ze met 1 goal verschil verloren van Argentini\u00eb. Het Braziliaanse team kenmerkt zich als een mix-team van kleinere wendbare spelers en enkele langere spelers.<\/p><p>TeamSU had de wedstrijd van gisteren gekeken en was gebrand om goed te starten. Isaura Hilgen gaf het startschot af door in de eerste minuut de 0-1 binnen te schieten. Na de 0-2 van Randell van der Steen en 0-3 van Kamil Hilalal eindigde de eerste kwart.\u00a0<\/p><p>De eerste onderbreking leek de Surinaamse motor weinig goed te doen. Slordige aanvallen zorgden ervoor dat Bondscoach Ivan Karsters genoodzaakt was om een Time-Out te vragen. Met succes. Direct na de time-out waren het Kamil Hilalal, Ivan Karsters en Randell van der Steen die de scoren verder uitbreide naar 0-6 om met deze score te rusten.<\/p><p>Na de rust kwamen steeds meer Surinamers op het scoreformulier. Ook Sandy Ramlal, Trojan Pinas en Ari\u00ebn van den Berg pakte hun goals mee. Het was pas bij 0-12 dat Suriname haar eerste tegengoal tegen kreeg uit een slimme kans rondom de korf. Inmiddels draaide de Surinaamse motor op volle toeren en liep Suriname uit naar een 1-19 score, waarop Brazili\u00eb het slot akkoord gaf met een strafworp voor de 2-19.<\/p><p>\u00a0<\/p><p>\u00a0<\/p><p>\u00a0<\/p><p>\u00a0<\/p>\t\t\t\t\t\t\t\t<\/div>\n\t\t\t\t<\/div>\n\t\t\t\t\t<\/div>\n\t\t<\/div>\n\t\t\t\t<div class=\"elementor-column elementor-col-50 elementor-inner-column elementor-element elementor-element-37be503\" data-id=\"37be503\" data-element_type=\"column\">\n\t\t\t<div class=\"elementor-widget-wrap elementor-element-populated\">\n\t\t\t\t\t\t<div class=\"elementor-element elementor-element-76d5a4e elementor-invisible elementor-widget elementor-widget-text-editor\" data-id=\"76d5a4e\" data-element_type=\"widget\" data-settings=\"{&quot;_animation&quot;:&quot;slideInLeft&quot;,&quot;_animation_delay&quot;:&quot;200&quot;}\" data-widget_type=\"text-editor.default\">\n\t\t\t\t<div class=\"elementor-widget-container\">\n\t\t\t\t\t\t\t\t\t<p><b>Hoe verder?<\/b><\/p><p>Nu alle poule wedstrijden zijn gespeeld is er een volgende ranking ontstaan:<br \/>1. Suriname<br \/>2: Argentini\u00eb<br \/>3. Brazili\u00eb<br \/>4. Argentini\u00eb B<br \/><br \/>De halve finale ziet er als volgt uit:<br \/>1. Suriname vs 4. Argentini\u00eb B<br \/>2. Argentini\u00eb vs 3. Brazili\u00eb<br \/><br \/>Voor Argentini\u00eb B is het niet mogelijk zich te plaatsen voor het WK, zij namen deel aan het toernooi puur voor de ervaring. Doordat Suriname 1e is geworden in de poule en tegen Argentini\u00eb B speelt in de halve finale betekent dit automatisch een finale plaats en daarmee ook kwalificatie voor het WK in Taipei! Conclusie: De eerste doel is bereikt.<\/p><p><strong>Speeldag 3: De finaledag<\/strong><\/p><p>Al vroeg vertrok Suriname naar de hal om de halve finale te spelen tegen Argentini\u00eb B. Veel spanning was er niet. Coach Karsters draaide veel door, zodat iedereen aan zijn minuten kwam en dat spelers voldoende rust kregen voor de finale.\u00a0<\/p><p>Na de wedstrijd bleven de spelers hangen om te kijken naar de halve finale tussen Argentini\u00eb en Brazili\u00eb. De winnaar daaruit zou Suriname ontmoeten in de finale en de tweede ticket bemachtigen voor het WK Taipei 2023. Brazili\u00eb wist al vroeg een gat te slaan en deze op ervaring uit te spelen. Resultaat:\u00a0<span style=\"font-family: var( --e-global-typography-a2d45d3-font-family ), Sans-serif; font-size: var( --e-global-typography-a2d45d3-font-size ); font-weight: var( --e-global-typography-a2d45d3-font-weight ); letter-spacing: var( --e-global-typography-a2d45d3-letter-spacing ); word-spacing: var( --e-global-typography-a2d45d3-word-spacing ); background-color: var( --e-global-color-fb46691 ); color: var( --e-global-color-text );\">Argentini\u00eb &#8211; Brazili\u00eb 9-14.\u00a0<\/span><\/p><p><span style=\"font-family: var( --e-global-typography-a2d45d3-font-family ), Sans-serif; font-size: var( --e-global-typography-a2d45d3-font-size ); font-weight: var( --e-global-typography-a2d45d3-font-weight ); letter-spacing: var( --e-global-typography-a2d45d3-letter-spacing ); word-spacing: var( --e-global-typography-a2d45d3-word-spacing ); background-color: var( --e-global-color-fb46691 ); color: var( --e-global-color-text );\">Wat betekent dat Brazili\u00eb het tweede Zuid-Amerikaanse land is dat af mag reizen naar Taipei.<\/span><\/p><p><span style=\"font-family: var( --e-global-typography-a2d45d3-font-family ), Sans-serif; font-size: var( --e-global-typography-a2d45d3-font-size ); font-weight: var( --e-global-typography-a2d45d3-font-weight ); letter-spacing: var( --e-global-typography-a2d45d3-letter-spacing ); word-spacing: var( --e-global-typography-a2d45d3-word-spacing ); background-color: var( --e-global-color-fb46691 ); color: var( --e-global-color-text );\">Dan vraag je je af? Waar is de finale dan nog voor? Om kampioen te worden van Zuid-Amerika! Doel 1: plaatsing voor het WK was behaald. Nu doel 2: Onze titel verdedigen.<\/span><\/p><p><span style=\"font-family: var( --e-global-typography-a2d45d3-font-family ), Sans-serif; font-size: var( --e-global-typography-a2d45d3-font-size ); font-weight: var( --e-global-typography-a2d45d3-font-weight ); letter-spacing: var( --e-global-typography-a2d45d3-letter-spacing ); word-spacing: var( --e-global-typography-a2d45d3-word-spacing ); background-color: var( --e-global-color-fb46691 ); color: var( --e-global-color-text );\">Met die mindset begon Suriname de wedstrijd. Effectieve en snelle aanvallen beloonde zich met goals, gecombineerd met gedisciplineerd verdedigen zorgde voor een 0-5 voorsprong na de eerste kwart.<\/span><\/p><p><span style=\"font-family: var( --e-global-typography-a2d45d3-font-family ), Sans-serif; font-size: var( --e-global-typography-a2d45d3-font-size ); font-weight: var( --e-global-typography-a2d45d3-font-weight ); letter-spacing: var( --e-global-typography-a2d45d3-letter-spacing ); word-spacing: var( --e-global-typography-a2d45d3-word-spacing ); background-color: var( --e-global-color-fb46691 ); color: var( --e-global-color-text );\">Na de eerste kwart opende Ari\u00ebn van den Berg de tweede kwart door de 0-6 binnen te schieten. Brazili\u00eb besloot wat terug te doen met een lang afstandschot van de lange speler Lucas Barros Barbosa (1-6). Maar daar lieten de spelers van Suriname zich niet van de wijs brengen. Sharona van der Kooye had in dezelfde minuut een antwoord met een korte kans rondom de korf.<\/span><\/p><p><span style=\"font-family: var( --e-global-typography-a2d45d3-font-family ), Sans-serif; font-size: var( --e-global-typography-a2d45d3-font-size ); font-weight: var( --e-global-typography-a2d45d3-font-weight ); letter-spacing: var( --e-global-typography-a2d45d3-letter-spacing ); word-spacing: var( --e-global-typography-a2d45d3-word-spacing ); background-color: var( --e-global-color-fb46691 ); color: var( --e-global-color-text );\">In de 14e minuut werd Ivan Karsters gewisseld. Dit waren zijn laatste minuten als internationale speler en daarmee verdiende hij een publiekswissel. Omhelst door zijn teamgenoten en bedolven onder het applaus van iedereen aanwezig verliet hij het veld en kwam de jonge Trojan Pinas op zijn plaats.<\/span><\/p><p><span style=\"font-family: var( --e-global-typography-a2d45d3-font-family ), Sans-serif; font-size: var( --e-global-typography-a2d45d3-font-size ); font-weight: var( --e-global-typography-a2d45d3-font-weight ); letter-spacing: var( --e-global-typography-a2d45d3-letter-spacing ); word-spacing: var( --e-global-typography-a2d45d3-word-spacing ); background-color: var( --e-global-color-fb46691 ); color: var( --e-global-color-text );\">Suriname liep verder uit naar een 10-1 voorsprong in de derde kwart, waardoor al snel duidelijk was dat het niet meer mis kon gaan. De vierde kwart werd afgesloten met een mooi schot van Dominique van der Stelt. Zij maakte de 14-2.<\/span><\/p><p><b>Suriname wederom Zuid-Amerikaans kampioen!<\/b><\/p><p>Met het winnen van de finale verdedigt Suriname de gewonnen titel in 2018 en mag het zich opnieuw kampioen noemen van Zuid-Amerika.<\/p><p>Randell van der Steen werd met 12 goals topscoorder bij de mannen en Isaura Hilgen werd dit met 7 goals bij de vrouwen.<\/p>\t\t\t\t\t\t\t\t<\/div>\n\t\t\t\t<\/div>\n\t\t\t\t\t<\/div>\n\t\t<\/div>\n\t\t\t\t\t<\/div>\n\t\t<\/section>\n\t\t\t\t\t<\/div>\n\t\t<\/div>\n\t\t\t\t\t<\/div>\n\t\t<\/section>\n\t\t\t\t<section class=\"elementor-section elementor-top-section elementor-element elementor-element-d153969 elementor-section-boxed elementor-section-height-default elementor-section-height-default\" data-id=\"d153969\" data-element_type=\"section\">\n\t\t\t\t\t\t<div class=\"elementor-container elementor-column-gap-default\">\n\t\t\t\t\t<div class=\"elementor-column elementor-col-100 elementor-top-column elementor-element elementor-element-b1cbd87\" data-id=\"b1cbd87\" data-element_type=\"column\">\n\t\t\t<div class=\"elementor-widget-wrap elementor-element-populated\">\n\t\t\t\t\t\t<div class=\"elementor-element elementor-element-d986521 elementor-skin-carousel elementor-arrows-yes elementor-pagination-type-bullets elementor-pagination-position-outside elementor-widget elementor-widget-media-carousel\" data-id=\"d986521\" data-element_type=\"widget\" data-settings=\"{&quot;slides_per_view&quot;:&quot;2&quot;,&quot;skin&quot;:&quot;carousel&quot;,&quot;effect&quot;:&quot;slide&quot;,&quot;show_arrows&quot;:&quot;yes&quot;,&quot;pagination&quot;:&quot;bullets&quot;,&quot;speed&quot;:500,&quot;autoplay&quot;:&quot;yes&quot;,&quot;autoplay_speed&quot;:5000,&quot;loop&quot;:&quot;yes&quot;,&quot;pause_on_hover&quot;:&quot;yes&quot;,&quot;pause_on_interaction&quot;:&quot;yes&quot;,&quot;space_between&quot;:{&quot;unit&quot;:&quot;px&quot;,&quot;size&quot;:10,&quot;sizes&quot;:[]},&quot;space_between_tablet&quot;:{&quot;unit&quot;:&quot;px&quot;,&quot;size&quot;:10,&quot;sizes&quot;:[]},&quot;space_between_mobile&quot;:{&quot;unit&quot;:&quot;px&quot;,&quot;size&quot;:10,&quot;sizes&quot;:[]}}\" data-widget_type=\"media-carousel.default\">\n\t\t\t\t<div class=\"elementor-widget-container\">\n\t\t\t\t\t\t\t\t\t<div class=\"elementor-swiper\">\n\t\t\t\t\t<div class=\"elementor-main-swiper swiper\" role=\"region\" aria-roledescription=\"carousel\" aria-label=\"Slides\">\n\t\t\t\t<div class=\"swiper-wrapper\">\n\t\t\t\t\t\t\t\t\t\t\t<div class=\"swiper-slide\" role=\"group\" aria-roledescription=\"slide\">\n\t\t\t\t\t\t\t\t\t<div class=\"elementor-carousel-image\" role=\"img\" aria-label=\"DSC01755\" style=\"background-image: url(&#039;https:\/\/sukorfbal.com\/wp-content\/uploads\/2022\/12\/DSC01755-scaled.jpg&#039;)\">\n\n\t\t\t\n\t\t\t\t\t<\/div>\n\t\t\t\t\t\t\t\t<\/div>\n\t\t\t\t\t\t\t\t\t\t\t<div class=\"swiper-slide\" role=\"group\" aria-roledescription=\"slide\">\n\t\t\t\t\t\t\t\t\t<div class=\"elementor-carousel-image\" role=\"img\" aria-label=\"\" style=\"background-image: url(&#039;http:\/\/sukorfbal.com\/wp-content\/uploads\/2022\/12\/DSC01796-scaled.jpg&#039;)\">\n\n\t\t\t\n\t\t\t\t\t<\/div>\n\t\t\t\t\t\t\t\t<\/div>\n\t\t\t\t\t\t\t\t\t\t\t<div class=\"swiper-slide\" role=\"group\" aria-roledescription=\"slide\">\n\t\t\t\t\t\t\t\t\t<div class=\"elementor-carousel-image\" role=\"img\" aria-label=\"\" style=\"background-image: url(&#039;http:\/\/sukorfbal.com\/wp-content\/uploads\/2022\/12\/DSC01952-scaled.jpg&#039;)\">\n\n\t\t\t\n\t\t\t\t\t<\/div>\n\t\t\t\t\t\t\t\t<\/div>\n\t\t\t\t\t\t\t\t\t\t\t<div class=\"swiper-slide\" role=\"group\" aria-roledescription=\"slide\">\n\t\t\t\t\t\t\t\t\t<div class=\"elementor-carousel-image\" role=\"img\" aria-label=\"\" style=\"background-image: url(&#039;http:\/\/sukorfbal.com\/wp-content\/uploads\/2022\/12\/DSC01934-scaled.jpg&#039;)\">\n\n\t\t\t\n\t\t\t\t\t<\/div>\n\t\t\t\t\t\t\t\t<\/div>\n\t\t\t\t\t\t\t\t\t\t\t<div class=\"swiper-slide\" role=\"group\" aria-roledescription=\"slide\">\n\t\t\t\t\t\t\t\t\t<div class=\"elementor-carousel-image\" role=\"img\" aria-label=\"DSC03039\" style=\"background-image: url(&#039;https:\/\/sukorfbal.com\/wp-content\/uploads\/2022\/12\/DSC03039-scaled.jpg&#039;)\">\n\n\t\t\t\n\t\t\t\t\t<\/div>\n\t\t\t\t\t\t\t\t<\/div>\n\t\t\t\t\t\t\t\t\t\t\t<div class=\"swiper-slide\" role=\"group\" aria-roledescription=\"slide\">\n\t\t\t\t\t\t\t\t\t<div class=\"elementor-carousel-image\" role=\"img\" aria-label=\"\" style=\"background-image: url(&#039;http:\/\/sukorfbal.com\/wp-content\/uploads\/2022\/12\/DSC02191-scaled.jpg&#039;)\">\n\n\t\t\t\n\t\t\t\t\t<\/div>\n\t\t\t\t\t\t\t\t<\/div>\n\t\t\t\t\t\t\t\t\t\t\t<div class=\"swiper-slide\" role=\"group\" aria-roledescription=\"slide\">\n\t\t\t\t\t\t\t\t\t<div class=\"elementor-carousel-image\" role=\"img\" aria-label=\"DSC03280\" style=\"background-image: url(&#039;https:\/\/sukorfbal.com\/wp-content\/uploads\/2022\/12\/DSC03280-scaled.jpg&#039;)\">\n\n\t\t\t\n\t\t\t\t\t<\/div>\n\t\t\t\t\t\t\t\t<\/div>\n\t\t\t\t\t\t\t\t\t\t\t<div class=\"swiper-slide\" role=\"group\" aria-roledescription=\"slide\">\n\t\t\t\t\t\t\t\t\t<div class=\"elementor-carousel-image\" role=\"img\" aria-label=\"DSC03713\" style=\"background-image: url(&#039;https:\/\/sukorfbal.com\/wp-content\/uploads\/2022\/12\/DSC03713-scaled.jpg&#039;)\">\n\n\t\t\t\n\t\t\t\t\t<\/div>\n\t\t\t\t\t\t\t\t<\/div>\n\t\t\t\t\t\t\t\t\t\t\t<div class=\"swiper-slide\" role=\"group\" aria-roledescription=\"slide\">\n\t\t\t\t\t\t\t\t\t<div class=\"elementor-carousel-image\" role=\"img\" aria-label=\"DSC03648\" style=\"background-image: url(&#039;https:\/\/sukorfbal.com\/wp-content\/uploads\/2022\/12\/DSC03648-scaled.jpg&#039;)\">\n\n\t\t\t\n\t\t\t\t\t<\/div>\n\t\t\t\t\t\t\t\t<\/div>\n\t\t\t\t\t\t\t\t\t\t\t<div class=\"swiper-slide\" role=\"group\" aria-roledescription=\"slide\">\n\t\t\t\t\t\t\t\t\t<div class=\"elementor-carousel-image\" role=\"img\" aria-label=\"DSC03830\" style=\"background-image: url(&#039;https:\/\/sukorfbal.com\/wp-content\/uploads\/2022\/12\/DSC03830-scaled.jpg&#039;)\">\n\n\t\t\t\n\t\t\t\t\t<\/div>\n\t\t\t\t\t\t\t\t<\/div>\n\t\t\t\t\t\t\t\t\t<\/div>\n\t\t\t\t\t\t\t\t\t\t\t\t\t\t\t<div class=\"elementor-swiper-button elementor-swiper-button-prev\" role=\"button\" tabindex=\"0\" aria-label=\"Previous\">\n\t\t\t\t\t\t\t<i aria-hidden=\"true\" class=\"eicon-chevron-left\"><\/i>\t\t\t\t\t\t<\/div>\n\t\t\t\t\t\t<div class=\"elementor-swiper-button elementor-swiper-button-next\" role=\"button\" tabindex=\"0\" aria-label=\"Next\">\n\t\t\t\t\t\t\t<i aria-hidden=\"true\" class=\"eicon-chevron-right\"><\/i>\t\t\t\t\t\t<\/div>\n\t\t\t\t\t\t\t\t\t\t\t\t\t\t\t\t<div class=\"swiper-pagination\"><\/div>\n\t\t\t\t\t\t\t\t\t\t\t\t<\/div>\n\t\t\t\t<\/div>\n\t\t\t\t\t\t\t\t<\/div>\n\t\t\t\t<\/div>\n\t\t\t\t\t<\/div>\n\t\t<\/div>\n\t\t\t\t\t<\/div>\n\t\t<\/section>\n\t\t\t\t<\/div>","protected":false},"excerpt":{"rendered":"<p>Pan-American Games&#8217;22 Road to Buenos Aires Het is december 2022 en Suriname reist af naar Argentini\u00eb. Daar wordt de IKF Pan-American Championship 2022 gehouden van 18 t\/m 20 december met [&hellip;]<\/p>","protected":false},"author":1,"featured_media":0,"parent":0,"menu_order":0,"comment_status":"closed","ping_status":"closed","template":"","meta":{"_monsterinsights_skip_tracking":false,"_monsterinsights_sitenote_active":false,"_monsterinsights_sitenote_note":"","_monsterinsights_sitenote_category":0,"footnotes":""},"class_list":["post-3514","page","type-page","status-publish","hentry"],"aioseo_notices":[],"_links":{"self":[{"href":"https:\/\/sukorfbal.com\/en\/wp-json\/wp\/v2\/pages\/3514","targetHints":{"allow":["GET"]}}],"collection":[{"href":"https:\/\/sukorfbal.com\/en\/wp-json\/wp\/v2\/pages"}],"about":[{"href":"https:\/\/sukorfbal.com\/en\/wp-json\/wp\/v2\/types\/page"}],"author":[{"embeddable":true,"href":"https:\/\/sukorfbal.com\/en\/wp-json\/wp\/v2\/users\/1"}],"replies":[{"embeddable":true,"href":"https:\/\/sukorfbal.com\/en\/wp-json\/wp\/v2\/comments?post=3514"}],"version-history":[{"count":32,"href":"https:\/\/sukorfbal.com\/en\/wp-json\/wp\/v2\/pages\/3514\/revisions"}],"predecessor-version":[{"id":3728,"href":"https:\/\/sukorfbal.com\/en\/wp-json\/wp\/v2\/pages\/3514\/revisions\/3728"}],"wp:attachment":[{"href":"https:\/\/sukorfbal.com\/en\/wp-json\/wp\/v2\/media?parent=3514"}],"curies":[{"name":"wp","href":"https:\/\/api.w.org\/{rel}","templated":true}]}}